{"id":1550,"date":"2019-02-22T10:57:53","date_gmt":"2019-02-22T09:57:53","guid":{"rendered":"http:\/\/albergonatucci.it\/da-sapere\/"},"modified":"2019-04-12T19:50:06","modified_gmt":"2019-04-12T17:50:06","slug":"a-savoir","status":"publish","type":"page","link":"https:\/\/albergonatucci.it\/fr\/a-savoir\/","title":{"rendered":"\u00c0 SAVOIR"},"content":{"rendered":"<\/div><\/div><\/div><!-- close content main div --><\/div><\/div><div id='av_section_1' class='avia-section main_color avia-section-default avia-no-border-styling avia-bg-style-scroll   container_wrap fullsize' style = 'background-color: #cc9966; background-image: '  ><div class='container' ><div class='template-page content  av-content-full alpha units'><div class='post-entry post-entry-type-page post-entry-1550'><div class='entry-content-wrapper clearfix'>\n<div style='padding-bottom:0px; color:#ffffff;font-size:40px;' class='av-special-heading av-special-heading-h1 custom-color-heading blockquote modern-quote modern-centered  av-inherit-size '><h1 class='av-special-heading-tag '  itemprop=\"headline\"  >\u00e0 savoir<\/h1><div class='special-heading-border'><div class='special-heading-inner-border' style='border-color:#ffffff'><\/div><\/div><\/div>\n<div class=\"flex_column av_one_full  flex_column_div av-zero-column-padding first  \" style='border-radius:0px; '><section class=\"av_textblock_section \"  itemscope=\"itemscope\" itemtype=\"https:\/\/schema.org\/CreativeWork\" ><div class='avia_textblock  '   itemprop=\"text\" ><p>La reception est ouverte de 7h le matin jusqu&#8217;\u00e0 minuit.<br \/>\n<!--\n\n\n\n\n\n\n<ul>\n \t\n\n\n\n\n\n<li><strong>Check-in<\/strong> dalle 11:00 alle 23:00<\/li>\n\n\n\n\n\n\n \t\n\n\n\n\n\n<li><strong>Check-out<\/strong> entro le 11:00<\/li>\n\n\n\n\n\n\n \t\n\n\n\n\n\n<li><strong>Colazione<\/strong>\u00a0dalle 7:30 alle 9:30<\/li>\n\n\n\n\n\n\n<\/ul>\n\n\n\n\n\n\nIl rientro dopo le ore 24:00 \u00e8 possibile, previo accordo, mediante attivazione di badge elettronico.\nPresso la reception sono disponibili cartine e materiale informativo per le diverse attrazioni e offerte del territorio (escursioni, mostre, eventi, concerti).\n\nLingue parlate:\n\n\n\n\n\n\n<ul>\n \t\n\n\n\n\n\n<li>Italiano<\/li>\n\n\n\n\n\n\n \t\n\n\n\n\n\n<li>Inglese<\/li>\n\n\n\n\n\n\n \t\n\n\n\n\n\n<li>Francese<\/li>\n\n\n\n\n\n\n<\/ul>\n\n\n\n\n\n\n--><\/p>\n<ul>\n<li>arriv\u00e9e de 11h00 \u00e0 23h00<\/li>\n<li>d\u00e9part avant 11h00<\/li>\n<li>petit-d\u00e9jeuneur de 7h30 \u00e0 9h30<\/li>\n<\/ul>\n<p>Le retour apr\u00e8s minuit est possible, avec un badge \u00e9lectronique.<\/p>\n<p>Des prospectus et du mat\u00e9riel d&#8217;information sont disponibles \u00e0 la reception et vous enforment des diff\u00e9rentes attractions et offres du territoire (Excursions, expositions, concerts).<\/p>\n<p>Langues parl\u00e9es:<\/p>\n<ul>\n<li>Italien<\/li>\n<li>Anglais<\/li>\n<li>Fran\u00e7ais<\/li>\n<\/ul>\n<\/div><\/section><\/div><\/p>\n","protected":false},"excerpt":{"rendered":"","protected":false},"author":1,"featured_media":0,"parent":0,"menu_order":0,"comment_status":"closed","ping_status":"closed","template":"","meta":{"_mi_skip_tracking":false,"_exactmetrics_sitenote_active":false,"_exactmetrics_sitenote_note":"","_exactmetrics_sitenote_category":0},"_links":{"self":[{"href":"https:\/\/albergonatucci.it\/fr\/wp-json\/wp\/v2\/pages\/1550"}],"collection":[{"href":"https:\/\/albergonatucci.it\/fr\/wp-json\/wp\/v2\/pages"}],"about":[{"href":"https:\/\/albergonatucci.it\/fr\/wp-json\/wp\/v2\/types\/page"}],"author":[{"embeddable":true,"href":"https:\/\/albergonatucci.it\/fr\/wp-json\/wp\/v2\/users\/1"}],"replies":[{"embeddable":true,"href":"https:\/\/albergonatucci.it\/fr\/wp-json\/wp\/v2\/comments?post=1550"}],"version-history":[{"count":3,"href":"https:\/\/albergonatucci.it\/fr\/wp-json\/wp\/v2\/pages\/1550\/revisions"}],"predecessor-version":[{"id":1948,"href":"https:\/\/albergonatucci.it\/fr\/wp-json\/wp\/v2\/pages\/1550\/revisions\/1948"}],"wp:attachment":[{"href":"https:\/\/albergonatucci.it\/fr\/wp-json\/wp\/v2\/media?parent=1550"}],"curies":[{"name":"wp","href":"https:\/\/api.w.org\/{rel}","templated":true}]}}