{"id":1446,"date":"2015-07-16T09:12:51","date_gmt":"2015-07-16T07:12:51","guid":{"rendered":"http:\/\/albergonatucci.it\/informazioni\/"},"modified":"2019-05-10T17:52:27","modified_gmt":"2019-05-10T15:52:27","slug":"informationen","status":"publish","type":"page","link":"https:\/\/albergonatucci.it\/de\/informationen\/","title":{"rendered":"Informationen"},"content":{"rendered":"<\/div><\/div><\/div><!-- close content main div --><\/div><\/div><div id='av_section_1' class='avia-section main_color avia-section-default avia-no-shadow avia-full-stretch avia-bg-style-scroll   av-minimum-height av-minimum-height-custom container_wrap fullsize' style = 'background-repeat: no-repeat; background-image: url(https:\/\/albergonatucci.it\/wp-content\/uploads\/2018\/08\/header.jpg);background-attachment: scroll; background-position: center center; ' data-section-bg-repeat='stretch' ><div class='container' style='height:250px'><div class='template-page content  av-content-full alpha units'><div class='post-entry post-entry-type-page post-entry-1446'><div class='entry-content-wrapper clearfix'>\n<\/div><\/div><\/div><!-- close content main div --><\/div><\/div><div id='av-layout-grid-1' class='av-layout-grid-container entry-content-wrapper main_color av-flex-cells    container_wrap fullsize'   >\n<div class=\"flex_cell no_margin av_one_full   \" style='background: #cc9966; vertical-align:top; padding:30px; background-color:#cc9966; '><div class='flex_cell_inner' ><p><div style='padding-bottom:0px; color:#ffffff;font-size:40px;' class='av-special-heading av-special-heading-h1 custom-color-heading blockquote modern-quote modern-centered  av-inherit-size '><h1 class='av-special-heading-tag '  itemprop=\"headline\"  >Lage<\/h1><div class='special-heading-border'><div class='special-heading-inner-border' style='border-color:#ffffff'><\/div><\/div><\/div><br \/>\n<div style='padding-bottom:0px; margin-top:20px; color:#ffffff;' class='av-special-heading av-special-heading-h3 custom-color-heading blockquote modern-quote modern-centered  '><h3 class='av-special-heading-tag '  itemprop=\"headline\"  >Das Hotel Natucci liegt im Zentrum von Montecatini Terme, in unmittelbarer N\u00e4he der wichtigsten Thermalanlagen. Die Thermalb\u00e4der Redi befinden sich nur 50 m entfernt. Die Tettuccio-Anlage, die Hydropinik-Anwendungen gewidmet ist, ist zu Fu\u00df in 5 Minuten erreichbar. Ebenso nah ist der gro\u00dfe Pinienwald, das gr\u00fcne Herz der Stadt, eine wahre Phase der Ruhe und Entspannung. <\/h3><div class='special-heading-border'><div class='special-heading-inner-border' style='border-color:#ffffff'><\/div><\/div><\/div><br \/>\n<div style='height:50px' class='hr hr-invisible  '><span class='hr-inner ' ><span class='hr-inner-style'><\/span><\/span><\/div><br \/>\n<div class='avia-image-container  av-styling-    avia-align-center '  itemprop=\"ImageObject\" itemscope=\"itemscope\" itemtype=\"https:\/\/schema.org\/ImageObject\"  ><div class='avia-image-container-inner'><div class='avia-image-overlay-wrap'><img class='avia_image ' src='https:\/\/albergonatucci.it\/wp-content\/uploads\/2019\/02\/46471809_1751902571587252_7852635041107542016_n.jpg' alt='' title='46471809_1751902571587252_7852635041107542016_n' height=\"163\"width=\"552\"  itemprop=\"thumbnailUrl\"  \/><\/div><\/div><\/div><\/p>\n<\/div><\/div>\n<\/div>\n<div style='padding-bottom:20px; color:#cc9966;font-size:28px;' class='av-special-heading av-special-heading-h3 custom-color-heading blockquote modern-quote modern-centered   av-inherit-size '><h3 class='av-special-heading-tag '  itemprop=\"headline\"  >Zu Erhalten<\/h3><div class='special-heading-border'><div class='special-heading-inner-border' style='border-color:#cc9966'><\/div><\/div><\/div>\n<div class='flex_column_table av-equal-height-column-flextable -flextable' ><div class=\"flex_column av_one_fifth  flex_column_table_cell av-equal-height-column av-align-top av-zero-column-padding first  \" style='border-radius:0px; '><p><div class='avia-button-wrap avia-button-left '><a href='https:\/\/www.google.it\/maps\/dir\/Aeroporto+di+Pisa+(PSA),+Piazzale+D\u2019ascanio,+Pisa,+PI\/Albergo+Natucci,+Via+Felice+Cavallotti,+102,+51016+Montecatini+Terme+PT\/@43.7747134,10.4263491,11z\/data=!3m1!4b1!4m14!4m13!1m5!1m1!1s0x12d59180c9f0b2d1:0x790c25e1cb0e3017!2m2!1d10.3978845!2d43.6890842!1m5!1m1!1s0x132a7d673b2acf8d:0x88a4cce5da74a4bb!2m2!1d10.77533!2d43.884427!3e0'  class='avia-button   avia-icon_select-yes-left-icon avia-color-theme-color avia-size-medium avia-position-left '  target=\"_blank\"   ><span class='avia_button_icon avia_button_icon_left ' aria-hidden='true' data-av_icon='\ue842' data-av_iconfont='entypo-fontello'><\/span><span class='avia_iconbox_title' >RICHTUNGEN<\/span><\/a><\/div><br \/>\n<section class=\"av_textblock_section \"  itemscope=\"itemscope\" itemtype=\"https:\/\/schema.org\/CreativeWork\" ><div class='avia_textblock  '  style='font-size:14px; '  itemprop=\"text\" ><p><strong>Pisa Flughafen\u00a0<\/strong><br \/>\nDer Flughafen Galileo Galilei ist etwa 55 km von Montecatini entfernt und bietet t\u00e4gliche Verbindungen zu den wichtigsten nationalen und internationalen Flugh\u00e4fen<\/p>\n<\/div><\/section><\/p><\/div><\/div><!--close column table wrapper. Autoclose: 1 -->\n<div class='flex_column_table av-equal-height-column-flextable -flextable' ><div class='av-flex-placeholder'><\/div><div class=\"flex_column av_one_fifth  flex_column_table_cell av-equal-height-column av-align-top av-zero-column-padding   \" style='border-radius:0px; '><p><div class='avia-button-wrap avia-button-left '><a href='https:\/\/www.google.it\/maps\/dir\/Aeroporto+di+Firenze,+Via+del+Termine,+Firenze,+FI\/Albergo+Natucci,+Via+Felice+Cavallotti,+102,+51016+Montecatini+Terme+PT\/@43.8581064,10.8467773,11z\/data=!3m1!4b1!4m14!4m13!1m5!1m1!1s0x132a5704a41290b7:0x8119368c75536e53!2m2!1d11.2009405!2d43.8022137!1m5!1m1!1s0x132a7d673b2acf8d:0x88a4cce5da74a4bb!2m2!1d10.77533!2d43.884427!3e0'  class='avia-button   avia-icon_select-yes-left-icon avia-color-theme-color avia-size-medium avia-position-left '  target=\"_blank\"   ><span class='avia_button_icon avia_button_icon_left ' aria-hidden='true' data-av_icon='\ue842' data-av_iconfont='entypo-fontello'><\/span><span class='avia_iconbox_title' >RICHTUNGEN<\/span><\/a><\/div><br \/>\n<section class=\"av_textblock_section \"  itemscope=\"itemscope\" itemtype=\"https:\/\/schema.org\/CreativeWork\" ><div class='avia_textblock  '  style='font-size:14px; '  itemprop=\"text\" ><p><strong>Florenz Flugh\u00e4fen<\/strong><\/p>\n<p>Der Flugh\u00e4fen Leonardo da Vinci ist 40 km von Montecatini entfernt und bietet t\u00e4gliche Verbindungen zu den wichtigsten nationalen und internationalen Flugh\u00e4fen<\/p>\n<\/div><\/section><\/p><\/div><\/div><!--close column table wrapper. Autoclose: 1 -->\n<div class='flex_column_table av-equal-height-column-flextable -flextable' ><div class='av-flex-placeholder'><\/div><div class=\"flex_column av_one_fifth  flex_column_table_cell av-equal-height-column av-align-top av-zero-column-padding   \" style='border-radius:0px; '><p><div class='avia-button-wrap avia-button-left '><a href='https:\/\/www.google.com\/maps\/dir\/Albergo+Natucci,+Via+Felice+Cavallotti,+102,+51016+Montecatini+Terme,+PT,+Italia\/A11,+Italia\/@43.8802151,10.7747672,15z\/data=!3m1!4b1!4m14!4m13!1m5!1m1!1s0x132a7d673b2acf8d:0x88a4cce5da74a4bb!2m2!1d10.77533!2d43.884427!1m5!1m1!1s0x132a7c38155503e9:0x42f582bb02214f82!2m2!1d10.7725822!2d43.8731269!3e0'  class='avia-button   avia-icon_select-yes-left-icon avia-color-theme-color avia-size-medium avia-position-left '  target=\"_blank\"   ><span class='avia_button_icon avia_button_icon_left ' aria-hidden='true' data-av_icon='\ue841' data-av_iconfont='entypo-fontello'><\/span><span class='avia_iconbox_title' >RICHTUNGEN<\/span><\/a><\/div><br \/>\n<section class=\"av_textblock_section \"  itemscope=\"itemscope\" itemtype=\"https:\/\/schema.org\/CreativeWork\" ><div class='avia_textblock  '  style='font-size:14px; '  itemprop=\"text\" ><p><strong>Auto<\/strong><br \/>\nAuthoban\u00a0A11 Firenze-Mare, Ausfahrt Montecatini Terme<\/p>\n<\/div><\/section><\/p><\/div><\/div><!--close column table wrapper. Autoclose: 1 -->\n<div class='flex_column_table av-equal-height-column-flextable -flextable' ><div class='av-flex-placeholder'><\/div><div class=\"flex_column av_one_fifth  flex_column_table_cell av-equal-height-column av-align-top av-zero-column-padding   \" style='border-radius:0px; '><p><div class='avia-button-wrap avia-button-left '><a href='https:\/\/www.trenitalia.com\/'  class='avia-button   avia-icon_select-yes-left-icon avia-color-theme-color avia-size-medium avia-position-left '  target=\"_blank\"   ><span class='avia_button_icon avia_button_icon_left ' aria-hidden='true' data-av_icon='\ue862' data-av_iconfont='entypo-fontello'><\/span><span class='avia_iconbox_title' >SIEHE ZEITPLAN<\/span><\/a><\/div><br \/>\n<section class=\"av_textblock_section \"  itemscope=\"itemscope\" itemtype=\"https:\/\/schema.org\/CreativeWork\" ><div class='avia_textblock  '  style='font-size:14px; '  itemprop=\"text\" ><p><strong>Eisenbahn<\/strong><br \/>\nLinie Florenz-Montecatini Terme-Viareggio<\/p>\n<p>oder<\/p>\n<p>Linie Pisa Flugh\u00e4fen-Lucca-Montecatini Terme-Florenz<\/p>\n<\/div><\/section><\/p><\/div><\/div><!--close column table wrapper. Autoclose: 1 -->\n<div class='flex_column_table av-equal-height-column-flextable -flextable' ><div class='av-flex-placeholder'><\/div><div class=\"flex_column av_one_fifth  flex_column_table_cell av-equal-height-column av-align-top av-zero-column-padding   \" style='border-radius:0px; '><p><div class='avia-button-wrap avia-button-left '><a href='http:\/\/www.lazzi.it\/'  class='avia-button   avia-icon_select-yes-left-icon avia-color-theme-color avia-size-medium avia-position-left '  target=\"_blank\"   ><span class='avia_button_icon avia_button_icon_left ' aria-hidden='true' data-av_icon='\ue862' data-av_iconfont='entypo-fontello'><\/span><span class='avia_iconbox_title' >SIEHE ZEITPLAN<\/span><\/a><\/div><br \/>\n<section class=\"av_textblock_section \"  itemscope=\"itemscope\" itemtype=\"https:\/\/schema.org\/CreativeWork\" ><div class='avia_textblock  '  style='font-size:14px; '  itemprop=\"text\" ><p><strong>Bus<\/strong><\/p>\n<p>Ein Linienbus verbindet Montecatini Terme st\u00fcndlich mit Florenz, Lucca und Pisa<\/p>\n<\/div><\/section><\/p><\/div><\/div><!--close column table wrapper. Autoclose: 1 -->\n<section class=\"av_textblock_section \"  itemscope=\"itemscope\" itemtype=\"https:\/\/schema.org\/CreativeWork\" ><div class='avia_textblock  '   itemprop=\"text\" ><p><iframe loading=\"lazy\" style=\"border: 0;\" src=\"https:\/\/www.google.com\/maps\/embed?pb=!1m18!1m12!1m3!1d92339.02608399668!2d10.705473737515321!3d43.88460706335784!2m3!1f0!2f0!3f0!3m2!1i1024!2i768!4f13.1!3m3!1m2!1s0x132a7d673b2acf8d%3A0x88a4cce5da74a4bb!2sAlbergo+Natucci!5e0!3m2!1sit!2sit!4v1531146417492\" width=\"1920\" height=\"450\" frameborder=\"0\" allowfullscreen=\"allowfullscreen\"><\/iframe><\/p>\n<\/div><\/section>\n<section class=\"avia_codeblock_section  av-small-hide av-mini-hide avia_code_block_0\"  itemscope=\"itemscope\" itemtype=\"https:\/\/schema.org\/CreativeWork\" ><div class='avia_codeblock '  itemprop=\"text\" > [avia_codeblock_placeholder uid=\"0\"] <\/div><\/section>\n<section class=\"avia_codeblock_section  av-desktop-hide av-medium-hide avia_code_block_1\"  itemscope=\"itemscope\" itemtype=\"https:\/\/schema.org\/CreativeWork\" ><div class='avia_codeblock '  itemprop=\"text\" > [avia_codeblock_placeholder uid=\"1\"] <\/div><\/section>\n","protected":false},"excerpt":{"rendered":"","protected":false},"author":1,"featured_media":0,"parent":0,"menu_order":0,"comment_status":"open","ping_status":"closed","template":"","meta":{"_mi_skip_tracking":false,"_exactmetrics_sitenote_active":false,"_exactmetrics_sitenote_note":"","_exactmetrics_sitenote_category":0},"_links":{"self":[{"href":"https:\/\/albergonatucci.it\/de\/wp-json\/wp\/v2\/pages\/1446"}],"collection":[{"href":"https:\/\/albergonatucci.it\/de\/wp-json\/wp\/v2\/pages"}],"about":[{"href":"https:\/\/albergonatucci.it\/de\/wp-json\/wp\/v2\/types\/page"}],"author":[{"embeddable":true,"href":"https:\/\/albergonatucci.it\/de\/wp-json\/wp\/v2\/users\/1"}],"replies":[{"embeddable":true,"href":"https:\/\/albergonatucci.it\/de\/wp-json\/wp\/v2\/comments?post=1446"}],"version-history":[{"count":4,"href":"https:\/\/albergonatucci.it\/de\/wp-json\/wp\/v2\/pages\/1446\/revisions"}],"predecessor-version":[{"id":2410,"href":"https:\/\/albergonatucci.it\/de\/wp-json\/wp\/v2\/pages\/1446\/revisions\/2410"}],"wp:attachment":[{"href":"https:\/\/albergonatucci.it\/de\/wp-json\/wp\/v2\/media?parent=1446"}],"curies":[{"name":"wp","href":"https:\/\/api.w.org\/{rel}","templated":true}]}}